{"id":151,"date":"2024-07-31T09:28:00","date_gmt":"2024-07-31T09:28:00","guid":{"rendered":"https:\/\/cochesaescalamiguel.es\/?page_id=151"},"modified":"2025-02-02T15:37:30","modified_gmt":"2025-02-02T15:37:30","slug":"servicios","status":"publish","type":"page","link":"https:\/\/cochesaescalamiguel.es\/index.php\/servicios\/","title":{"rendered":"Servicios"},"content":{"rendered":"\n<div class=\"section-wrapper\" data-id=\"5e9nnt\"><section class=\"wp-block-gutenverse-section guten-element guten-section guten-5e9nnt layout-boxed align-stretch\"><div class=\"guten-background-overlay\"><\/div><div class=\"guten-shape-divider guten-shape-divider-top\"><\/div><div class=\"guten-shape-divider guten-shape-divider-bottom\"><\/div><div class=\"guten-container guten-column-gap-no\">\n<div class=\"wp-block-gutenverse-column guten-element guten-column guten-f8UOQS\"><div class=\"guten-background-overlay\"><\/div><div class=\"sticky-wrapper\" data-id=\"f8UOQS\"><div class=\"guten-column-wrapper\">\n<figure class=\"wp-block-gallery has-nested-images columns-default is-cropped wp-block-gallery-1 is-layout-flex wp-block-gallery-is-layout-flex\">\n<figure class=\"wp-block-image size-full\"><img loading=\"lazy\" decoding=\"async\" width=\"1536\" height=\"2048\" src=\"https:\/\/cochesaescalamiguel.es\/wp-content\/uploads\/2025\/02\/473276790_625621030036590_2580016555290597354_n.jpg\" alt=\"\" class=\"wp-image-293\" title=\"Olivos en el campo\" srcset=\"https:\/\/cochesaescalamiguel.es\/wp-content\/uploads\/2025\/02\/473276790_625621030036590_2580016555290597354_n.jpg 1536w, https:\/\/cochesaescalamiguel.es\/wp-content\/uploads\/2025\/02\/473276790_625621030036590_2580016555290597354_n-225x300.jpg 225w, https:\/\/cochesaescalamiguel.es\/wp-content\/uploads\/2025\/02\/473276790_625621030036590_2580016555290597354_n-768x1024.jpg 768w, https:\/\/cochesaescalamiguel.es\/wp-content\/uploads\/2025\/02\/473276790_625621030036590_2580016555290597354_n-1152x1536.jpg 1152w\" sizes=\"auto, (max-width: 1536px) 100vw, 1536px\" \/><\/figure>\n<\/figure>\n<\/div><\/div><\/div>\n\n\n\n<div class=\"wp-block-gutenverse-column guten-element guten-column guten-hm22ZI\"><div class=\"guten-background-overlay\"><\/div><div class=\"sticky-wrapper\" data-id=\"hm22ZI\"><div class=\"guten-column-wrapper\">\n<div class=\"guten-element gutenverse-text-editor guten-wb6sWe\"><div class=\"text-content-inner\">\n<p>En <strong>Coches a Escala Miguel<\/strong>, ofrecemos m\u00e1s que una simple venta de coches en miniatura. Sabemos que el coleccionismo es una pasi\u00f3n, y por eso nos especializamos en brindarte un servicio integral para que encuentres, cuides y disfrutes de tus modelos a escala. Desde asesoramiento personalizado hasta ediciones limitadas, nuestra misi\u00f3n es ofrecerte la mejor experiencia en el mundo del modelismo automovil\u00edstico.<\/p>\n\n\n\n<p>Contamos con un amplio cat\u00e1logo de coches en miniatura en diferentes escalas y categor\u00edas:<\/p>\n\n\n\n<ul class=\"wp-block-list\">\n<li>\ud83d\ude97 <strong>Coches Cl\u00e1sicos<\/strong> \u2013 Modelos ic\u00f3nicos de diferentes \u00e9pocas.<\/li>\n\n\n\n<li>\ud83c\udfce <strong>Superdeportivos<\/strong> \u2013 R\u00e9plicas de marcas como Ferrari, Lamborghini y Porsche.<\/li>\n\n\n\n<li>\ud83c\udfc1 <strong>Coches de Competici\u00f3n<\/strong> \u2013 F\u00f3rmula 1, Rally, Le Mans y m\u00e1s.<\/li>\n\n\n\n<li>\ud83d\udd25 <strong>Ediciones Limitadas<\/strong> \u2013 Piezas exclusivas para coleccionistas exigentes.<\/li>\n\n\n\n<li>\ud83d\udd0d <strong>Modelos Personalizados y Raros<\/strong> \u2013 Encuentra esas miniaturas dif\u00edciles de conseguir.<\/li>\n<\/ul>\n\n\n\n<p>Cada modelo ha sido seleccionado por su calidad y fidelidad con los veh\u00edculos originales, asegurando acabados detallados y materiales resistentes. <\/p>\n\n\n\n<p>\u00bfBuscas un modelo en particular? \u00bfNo sabes qu\u00e9 coche en miniatura elegir? Estamos aqu\u00ed para ayudarte.<\/p>\n\n\n\n<p>En <strong>Coches a Escala Miguel<\/strong>, te ofrecemos asesoramiento personalizado para encontrar la miniatura perfecta para ti. Ya sea que est\u00e9s comenzando tu colecci\u00f3n o busques una pieza espec\u00edfica, nuestro equipo est\u00e1 listo para ayudarte a encontrar lo que necesitas.<\/p>\n<\/div><\/div>\n<\/div><\/div><\/div>\n<\/div><\/section><\/div>\n\n\n\n<div class=\"section-wrapper\" data-id=\"aM1B5R\"><section class=\"wp-block-gutenverse-section guten-element guten-section guten-aM1B5R layout-boxed align-stretch\"><div class=\"guten-background-overlay\"><\/div><div class=\"guten-shape-divider guten-shape-divider-top\"><\/div><div class=\"guten-shape-divider guten-shape-divider-bottom\"><\/div><div class=\"guten-container guten-column-gap-default\">\n<div class=\"wp-block-gutenverse-column guten-element guten-column guten-DYjRwA\"><div class=\"guten-background-overlay\"><\/div><div class=\"sticky-wrapper\" data-id=\"DYjRwA\"><div class=\"guten-column-wrapper\">\n<div class=\"section-wrapper\" data-id=\"zQgZ3t\"><section class=\"wp-block-gutenverse-section guten-element guten-section guten-zQgZ3t layout-boxed align-stretch\"><div class=\"guten-background-overlay\"><\/div><div class=\"guten-shape-divider guten-shape-divider-top\"><\/div><div class=\"guten-shape-divider guten-shape-divider-bottom\"><\/div><div class=\"guten-container guten-column-gap-no\">\n<div class=\"wp-block-gutenverse-column guten-element guten-column guten-9aGyS1\"><div class=\"guten-background-overlay\"><\/div><div class=\"sticky-wrapper\" data-id=\"9aGyS1\"><div class=\"guten-column-wrapper\">\n<h2 class=\"wp-block-gutenverse-heading guten-element guten-G251P8 animated guten-element-hide desktop-fadeInLeft\">\u00a1Empieza tu colecci\u00f3n hoy mismo<\/h2>\n\n\n\n<h2 class=\"wp-block-gutenverse-heading guten-element guten-gUmaFf animated guten-element-hide desktop-fadeInRight\" id=\"servicios\">SERVICIOS<\/h2>\n\n\n\n<div class=\"guten-element gutenverse-text-editor guten-rbVW8W animated guten-element-hide desktop-fadeInLeft\"><div class=\"text-content-inner\">\n<p>En <strong>Coches a Escala Miguel<\/strong>, hacemos que tu pasi\u00f3n por los coches en miniatura cobre vida. Explora nuestro cat\u00e1logo, encuentra las mejores miniaturas y disfruta del coleccionismo con la mejor atenci\u00f3n y servicio.<\/p>\n<\/div><\/div>\n<\/div><\/div><\/div>\n<\/div><\/section><\/div>\n\n\n\n<div class=\"section-wrapper\" data-id=\"NFq5v4\"><section class=\"wp-block-gutenverse-section guten-element guten-section guten-NFq5v4 layout-boxed align-stretch\"><div class=\"guten-background-overlay\"><\/div><div class=\"guten-shape-divider guten-shape-divider-top\"><\/div><div class=\"guten-shape-divider guten-shape-divider-bottom\"><\/div><div class=\"guten-container guten-column-gap-no\">\n<div class=\"wp-block-gutenverse-column guten-element guten-column guten-AXuk7o\"><div class=\"guten-background-overlay\"><\/div><div class=\"sticky-wrapper\" data-id=\"AXuk7o\"><div class=\"guten-column-wrapper\">\n<div class=\"guten-element guten-gallery guten-girunI layout-overlay grid-desktop-3 grid-tablet-2 grid-mobile-2\" data-grid=\"grid\"><div class=\"gutenverse-popup-gallery hidden\"><div class=\"gallery-header\"><div class=\"left-header\"><\/div><div class=\"right-header\"><svg xmlns=\"http:\/\/www.w3.org\/2000\/svg\" width=\"24\" height=\"24\" viewBox=\"0 0 24 24\" fill=\"none\" stroke=\"currentColor\" stroke-width=\"2\" stroke-linecap=\"round\" stroke-linejoin=\"round\" class=\"icon-fullscreen\"><path d=\"M8 3H5a2 2 0 0 0-2 2v3m18 0V5a2 2 0 0 0-2-2h-3m0 18h3a2 2 0 0 0 2-2v-3M3 16v3a2 2 0 0 0 2 2h3\"><\/path><\/svg><svg xmlns=\"http:\/\/www.w3.org\/2000\/svg\" width=\"24\" height=\"24\" viewBox=\"0 0 24 24\" fill=\"none\" stroke=\"currentColor\" stroke-width=\"2\" stroke-linecap=\"round\" stroke-linejoin=\"round\" class=\"icon-minimize hidden\"><path d=\"M8 3v3a2 2 0 0 1-2 2H3m18 0h-3a2 2 0 0 1-2-2V3m0 18v-3a2 2 0 0 1 2-2h3M3 16h3a2 2 0 0 1 2 2v3\"><\/path><\/svg><svg xmlns=\"http:\/\/www.w3.org\/2000\/svg\" width=\"24\" height=\"24\" viewBox=\"0 0 24 24\" fill=\"none\" stroke=\"currentColor\" stroke-width=\"2\" stroke-linecap=\"round\" stroke-linejoin=\"round\" class=\"icon-zoom\"><circle cx=\"11\" cy=\"11\" r=\"8\"><\/circle><line x1=\"21\" y1=\"21\" x2=\"16.65\" y2=\"16.65\"><\/line><line x1=\"11\" y1=\"8\" x2=\"11\" y2=\"14\"><\/line><line x1=\"8\" y1=\"11\" x2=\"14\" y2=\"11\"><\/line><\/svg><svg xmlns=\"http:\/\/www.w3.org\/2000\/svg\" width=\"24\" height=\"24\" viewBox=\"0 0 24 24\" fill=\"none\" stroke=\"currentColor\" stroke-width=\"2\" stroke-linecap=\"round\" stroke-linejoin=\"round\" class=\"icon-close\"><line x1=\"18\" y1=\"6\" x2=\"6\" y2=\"18\"><\/line><line x1=\"6\" y1=\"6\" x2=\"18\" y2=\"18\"><\/line><\/svg><\/div><\/div><div class=\"gallery-body\"><div class=\"images\"><div id=\"guten-girunI\" class=\"swiper-container\"><div class=\"swiper-wrapper\"><div class=\"swiper-slide image-list\"><div class=\"content-image swiper-zoom-container\"><img decoding=\"async\" class=\"main-image\" src=\"https:\/\/cochesaescalamiguel.es\/wp-content\/uploads\/2025\/02\/473545011_625620980036595_6380625728868380423_n.jpg\"\/><\/div><\/div><div class=\"swiper-slide image-list\"><div class=\"content-image swiper-zoom-container\"><img decoding=\"async\" class=\"main-image\" src=\"https:\/\/cochesaescalamiguel.es\/wp-content\/uploads\/2025\/02\/471734083_615301481068545_1994216661688644288_n.jpg\"\/><\/div><\/div><div class=\"swiper-slide image-list\"><div class=\"content-image swiper-zoom-container\"><img decoding=\"async\" class=\"main-image\" src=\"https:\/\/cochesaescalamiguel.es\/wp-content\/uploads\/2025\/02\/473276790_625621030036590_2580016555290597354_n.jpg\"\/><\/div><\/div><div class=\"swiper-slide image-list\"><div class=\"content-image swiper-zoom-container\"><img decoding=\"async\" class=\"main-image\" src=\"https:\/\/cochesaescalamiguel.es\/wp-content\/uploads\/2025\/02\/469383791_599599945972032_6847116798566944751_n.jpg\"\/><\/div><\/div><div class=\"swiper-slide image-list\"><div class=\"content-image swiper-zoom-container\"><img decoding=\"async\" class=\"main-image\" src=\"https:\/\/cochesaescalamiguel.es\/wp-content\/uploads\/2025\/02\/472048452_615301371068556_257857589132728531_n.jpg\"\/><\/div><\/div><div class=\"swiper-slide image-list\"><div class=\"content-image swiper-zoom-container\"><img decoding=\"async\" class=\"main-image\" src=\"https:\/\/cochesaescalamiguel.es\/wp-content\/uploads\/2025\/02\/430139253_398879502728160_4449850121105073385_n.jpg\"\/><\/div><\/div><\/div><div class=\"swiper-button-prev\"><\/div><div class=\"swiper-button-next\"><\/div><\/div><\/div><\/div><\/div><div class=\"gallery-items\" data-loaded=\"6\" data-max=\"6\"><div class=\"gallery-item-wrap \" data-index=\"0\" data-control=\"Two\"><div class=\"grid-item\"><div class=\"thumbnail-wrap\"><img decoding=\"async\" src=\"https:\/\/cochesaescalamiguel.es\/wp-content\/uploads\/2025\/02\/473545011_625620980036595_6380625728868380423_n.jpg\"\/><div class=\"caption-wrap style-overlay overlay-overlay animated fade-in\"><div class=\"item-hover-bg\"><\/div><div class=\"item-caption-over\"><h5 class=\"item-title\"><\/h5><div class=\"item-content\"><\/div><div class=\"item-buttons\"><div class=\"gallery-link zoom\"><span class=\"item-icon-inner\"><i class=\"fas fa-search-plus\" aria-hidden=\"true\"><\/i><\/span><\/div><a href=\"\" class=\"gallery-link link\"><span class=\"item-icon-inner\"><i class=\"fas fa-link\" aria-hidden=\"true\"><\/i><\/span><\/a><\/div><\/div><div class=\"caption-head\"><\/div><\/div><\/div><\/div><\/div><div class=\"gallery-item-wrap \" data-index=\"1\" data-control=\"Three\"><div class=\"grid-item\"><div class=\"thumbnail-wrap\"><img decoding=\"async\" src=\"https:\/\/cochesaescalamiguel.es\/wp-content\/uploads\/2025\/02\/471734083_615301481068545_1994216661688644288_n.jpg\"\/><div class=\"caption-wrap style-overlay overlay-overlay animated fade-in\"><div class=\"item-hover-bg\"><\/div><div class=\"item-caption-over\"><h5 class=\"item-title\"><\/h5><div class=\"item-content\"><\/div><div class=\"item-buttons\"><div class=\"gallery-link zoom\"><span class=\"item-icon-inner\"><i class=\"fas fa-search-plus\" aria-hidden=\"true\"><\/i><\/span><\/div><a href=\"\" class=\"gallery-link link\"><span class=\"item-icon-inner\"><i class=\"fas fa-link\" aria-hidden=\"true\"><\/i><\/span><\/a><\/div><\/div><div class=\"caption-head\"><\/div><\/div><\/div><\/div><\/div><div class=\"gallery-item-wrap \" data-index=\"2\" data-control=\"Four\"><div class=\"grid-item\"><div class=\"thumbnail-wrap\"><img decoding=\"async\" src=\"https:\/\/cochesaescalamiguel.es\/wp-content\/uploads\/2025\/02\/473276790_625621030036590_2580016555290597354_n.jpg\"\/><div class=\"caption-wrap style-overlay overlay-overlay animated fade-in\"><div class=\"item-hover-bg\"><\/div><div class=\"item-caption-over\"><h5 class=\"item-title\"><\/h5><div class=\"item-content\"><\/div><div class=\"item-buttons\"><div class=\"gallery-link zoom\"><span class=\"item-icon-inner\"><i class=\"fas fa-search-plus\" aria-hidden=\"true\"><\/i><\/span><\/div><a href=\"\" class=\"gallery-link link\"><span class=\"item-icon-inner\"><i class=\"fas fa-link\" aria-hidden=\"true\"><\/i><\/span><\/a><\/div><\/div><div class=\"caption-head\"><\/div><\/div><\/div><\/div><\/div><div class=\"gallery-item-wrap \" data-index=\"3\" data-control=\"Five\"><div class=\"grid-item\"><div class=\"thumbnail-wrap\"><img decoding=\"async\" src=\"https:\/\/cochesaescalamiguel.es\/wp-content\/uploads\/2025\/02\/469383791_599599945972032_6847116798566944751_n.jpg\"\/><div class=\"caption-wrap style-overlay overlay-overlay animated fade-in\"><div class=\"item-hover-bg\"><\/div><div class=\"item-caption-over\"><h5 class=\"item-title\"><\/h5><div class=\"item-content\"><\/div><div class=\"item-buttons\"><div class=\"gallery-link zoom\"><span class=\"item-icon-inner\"><i class=\"fas fa-search-plus\" aria-hidden=\"true\"><\/i><\/span><\/div><a href=\"\" class=\"gallery-link link\"><span class=\"item-icon-inner\"><i class=\"fas fa-link\" aria-hidden=\"true\"><\/i><\/span><\/a><\/div><\/div><div class=\"caption-head\"><\/div><\/div><\/div><\/div><\/div><div class=\"gallery-item-wrap \" data-index=\"4\"><div class=\"grid-item\"><div class=\"thumbnail-wrap\"><img decoding=\"async\" src=\"https:\/\/cochesaescalamiguel.es\/wp-content\/uploads\/2025\/02\/472048452_615301371068556_257857589132728531_n.jpg\"\/><div class=\"caption-wrap style-overlay overlay-overlay animated fade-in\"><div class=\"item-hover-bg\"><\/div><div class=\"item-caption-over\"><h5 class=\"item-title\"><\/h5><div class=\"item-content\"><\/div><div class=\"item-buttons\"><div class=\"gallery-link zoom\"><span class=\"item-icon-inner\"><i class=\"fas fa-search-plus\" aria-hidden=\"true\"><\/i><\/span><\/div><a href=\"\" class=\"gallery-link link\"><span class=\"item-icon-inner\"><i class=\"fas fa-link\" aria-hidden=\"true\"><\/i><\/span><\/a><\/div><\/div><div class=\"caption-head\"><\/div><\/div><\/div><\/div><\/div><div class=\"gallery-item-wrap \" data-index=\"5\"><div class=\"grid-item\"><div class=\"thumbnail-wrap\"><img decoding=\"async\" src=\"https:\/\/cochesaescalamiguel.es\/wp-content\/uploads\/2025\/02\/430139253_398879502728160_4449850121105073385_n.jpg\"\/><div class=\"caption-wrap style-overlay overlay-overlay animated fade-in\"><div class=\"item-hover-bg\"><\/div><div class=\"item-caption-over\"><h5 class=\"item-title\"><\/h5><div class=\"item-content\"><\/div><div class=\"item-buttons\"><div class=\"gallery-link zoom\"><span class=\"item-icon-inner\"><i class=\"fas fa-search-plus\" aria-hidden=\"true\"><\/i><\/span><\/div><a href=\"\" class=\"gallery-link link\"><span class=\"item-icon-inner\"><i class=\"fas fa-link\" aria-hidden=\"true\"><\/i><\/span><\/a><\/div><\/div><div class=\"caption-head\"><\/div><\/div><\/div><\/div><\/div><\/div><\/div>\n<\/div><\/div><\/div>\n<\/div><\/section><\/div>\n<\/div><\/div><\/div>\n<\/div><\/section><\/div>\n","protected":false},"excerpt":{"rendered":"","protected":false},"author":1,"featured_media":0,"parent":0,"menu_order":0,"comment_status":"closed","ping_status":"closed","template":"","meta":{"footnotes":""},"class_list":["post-151","page","type-page","status-publish","hentry"],"yoast_head":"<!-- This site is optimized with the Yoast SEO plugin v23.1 - https:\/\/yoast.com\/wordpress\/plugins\/seo\/ -->\n<title>Servicios - Coches a Escala Miguel<\/title>\n<meta name=\"robots\" content=\"index, follow, max-snippet:-1, max-image-preview:large, max-video-preview:-1\" \/>\n<link rel=\"canonical\" href=\"https:\/\/cochesaescalamiguel.es\/index.php\/servicios\/\" \/>\n<meta property=\"og:locale\" content=\"es_ES\" \/>\n<meta property=\"og:type\" content=\"article\" \/>\n<meta property=\"og:title\" content=\"Servicios - Coches a Escala Miguel\" \/>\n<meta property=\"og:url\" content=\"https:\/\/cochesaescalamiguel.es\/index.php\/servicios\/\" \/>\n<meta property=\"og:site_name\" content=\"Coches a Escala Miguel\" \/>\n<meta property=\"article:publisher\" content=\"https:\/\/www.facebook.com\/cooperativadelcamposantaquiteria\" \/>\n<meta property=\"article:modified_time\" content=\"2025-02-02T15:37:30+00:00\" \/>\n<meta property=\"og:image\" content=\"https:\/\/cochesaescalamiguel.es\/wp-content\/uploads\/2025\/02\/473276790_625621030036590_2580016555290597354_n.jpg\" \/>\n<meta name=\"twitter:card\" content=\"summary_large_image\" \/>\n<meta name=\"twitter:label1\" content=\"Tiempo de lectura\" \/>\n\t<meta name=\"twitter:data1\" content=\"4 minutos\" \/>\n<script type=\"application\/ld+json\" class=\"yoast-schema-graph\">{\"@context\":\"https:\/\/schema.org\",\"@graph\":[{\"@type\":\"WebPage\",\"@id\":\"https:\/\/cochesaescalamiguel.es\/index.php\/servicios\/\",\"url\":\"https:\/\/cochesaescalamiguel.es\/index.php\/servicios\/\",\"name\":\"Servicios - Coches a Escala Miguel\",\"isPartOf\":{\"@id\":\"https:\/\/cochesaescalamiguel.es\/#website\"},\"primaryImageOfPage\":{\"@id\":\"https:\/\/cochesaescalamiguel.es\/index.php\/servicios\/#primaryimage\"},\"image\":{\"@id\":\"https:\/\/cochesaescalamiguel.es\/index.php\/servicios\/#primaryimage\"},\"thumbnailUrl\":\"https:\/\/cochesaescalamiguel.es\/wp-content\/uploads\/2025\/02\/473276790_625621030036590_2580016555290597354_n.jpg\",\"datePublished\":\"2024-07-31T09:28:00+00:00\",\"dateModified\":\"2025-02-02T15:37:30+00:00\",\"breadcrumb\":{\"@id\":\"https:\/\/cochesaescalamiguel.es\/index.php\/servicios\/#breadcrumb\"},\"inLanguage\":\"es\",\"potentialAction\":[{\"@type\":\"ReadAction\",\"target\":[\"https:\/\/cochesaescalamiguel.es\/index.php\/servicios\/\"]}]},{\"@type\":\"ImageObject\",\"inLanguage\":\"es\",\"@id\":\"https:\/\/cochesaescalamiguel.es\/index.php\/servicios\/#primaryimage\",\"url\":\"https:\/\/cochesaescalamiguel.es\/wp-content\/uploads\/2025\/02\/473276790_625621030036590_2580016555290597354_n.jpg\",\"contentUrl\":\"https:\/\/cochesaescalamiguel.es\/wp-content\/uploads\/2025\/02\/473276790_625621030036590_2580016555290597354_n.jpg\",\"width\":1536,\"height\":2048},{\"@type\":\"BreadcrumbList\",\"@id\":\"https:\/\/cochesaescalamiguel.es\/index.php\/servicios\/#breadcrumb\",\"itemListElement\":[{\"@type\":\"ListItem\",\"position\":1,\"name\":\"Portada\",\"item\":\"https:\/\/cochesaescalamiguel.es\/\"},{\"@type\":\"ListItem\",\"position\":2,\"name\":\"Servicios\"}]},{\"@type\":\"WebSite\",\"@id\":\"https:\/\/cochesaescalamiguel.es\/#website\",\"url\":\"https:\/\/cochesaescalamiguel.es\/\",\"name\":\"Coches a Escala Miguel\",\"description\":\"Los coches de tus sue\u00f1os, en el tama\u00f1o perfecto\",\"publisher\":{\"@id\":\"https:\/\/cochesaescalamiguel.es\/#organization\"},\"alternateName\":\"Coches a Escala Miguel\",\"potentialAction\":[{\"@type\":\"SearchAction\",\"target\":{\"@type\":\"EntryPoint\",\"urlTemplate\":\"https:\/\/cochesaescalamiguel.es\/?s={search_term_string}\"},\"query-input\":\"required name=search_term_string\"}],\"inLanguage\":\"es\"},{\"@type\":\"Organization\",\"@id\":\"https:\/\/cochesaescalamiguel.es\/#organization\",\"name\":\"Miguel Charco Jimenez\",\"url\":\"https:\/\/cochesaescalamiguel.es\/\",\"logo\":{\"@type\":\"ImageObject\",\"inLanguage\":\"es\",\"@id\":\"https:\/\/cochesaescalamiguel.es\/#\/schema\/logo\/image\/\",\"url\":\"https:\/\/cochesaescalamiguel.es\/wp-content\/uploads\/2025\/02\/image-removebg-preview-24.png\",\"contentUrl\":\"https:\/\/cochesaescalamiguel.es\/wp-content\/uploads\/2025\/02\/image-removebg-preview-24.png\",\"width\":542,\"height\":129,\"caption\":\"Miguel Charco Jimenez\"},\"image\":{\"@id\":\"https:\/\/cochesaescalamiguel.es\/#\/schema\/logo\/image\/\"},\"sameAs\":[\"https:\/\/www.facebook.com\/cooperativadelcamposantaquiteria\"]}]}<\/script>\n<!-- \/ Yoast SEO plugin. -->","yoast_head_json":{"title":"Servicios - Coches a Escala Miguel","robots":{"index":"index","follow":"follow","max-snippet":"max-snippet:-1","max-image-preview":"max-image-preview:large","max-video-preview":"max-video-preview:-1"},"canonical":"https:\/\/cochesaescalamiguel.es\/index.php\/servicios\/","og_locale":"es_ES","og_type":"article","og_title":"Servicios - Coches a Escala Miguel","og_url":"https:\/\/cochesaescalamiguel.es\/index.php\/servicios\/","og_site_name":"Coches a Escala Miguel","article_publisher":"https:\/\/www.facebook.com\/cooperativadelcamposantaquiteria","article_modified_time":"2025-02-02T15:37:30+00:00","og_image":[{"url":"https:\/\/cochesaescalamiguel.es\/wp-content\/uploads\/2025\/02\/473276790_625621030036590_2580016555290597354_n.jpg"}],"twitter_card":"summary_large_image","twitter_misc":{"Tiempo de lectura":"4 minutos"},"schema":{"@context":"https:\/\/schema.org","@graph":[{"@type":"WebPage","@id":"https:\/\/cochesaescalamiguel.es\/index.php\/servicios\/","url":"https:\/\/cochesaescalamiguel.es\/index.php\/servicios\/","name":"Servicios - Coches a Escala Miguel","isPartOf":{"@id":"https:\/\/cochesaescalamiguel.es\/#website"},"primaryImageOfPage":{"@id":"https:\/\/cochesaescalamiguel.es\/index.php\/servicios\/#primaryimage"},"image":{"@id":"https:\/\/cochesaescalamiguel.es\/index.php\/servicios\/#primaryimage"},"thumbnailUrl":"https:\/\/cochesaescalamiguel.es\/wp-content\/uploads\/2025\/02\/473276790_625621030036590_2580016555290597354_n.jpg","datePublished":"2024-07-31T09:28:00+00:00","dateModified":"2025-02-02T15:37:30+00:00","breadcrumb":{"@id":"https:\/\/cochesaescalamiguel.es\/index.php\/servicios\/#breadcrumb"},"inLanguage":"es","potentialAction":[{"@type":"ReadAction","target":["https:\/\/cochesaescalamiguel.es\/index.php\/servicios\/"]}]},{"@type":"ImageObject","inLanguage":"es","@id":"https:\/\/cochesaescalamiguel.es\/index.php\/servicios\/#primaryimage","url":"https:\/\/cochesaescalamiguel.es\/wp-content\/uploads\/2025\/02\/473276790_625621030036590_2580016555290597354_n.jpg","contentUrl":"https:\/\/cochesaescalamiguel.es\/wp-content\/uploads\/2025\/02\/473276790_625621030036590_2580016555290597354_n.jpg","width":1536,"height":2048},{"@type":"BreadcrumbList","@id":"https:\/\/cochesaescalamiguel.es\/index.php\/servicios\/#breadcrumb","itemListElement":[{"@type":"ListItem","position":1,"name":"Portada","item":"https:\/\/cochesaescalamiguel.es\/"},{"@type":"ListItem","position":2,"name":"Servicios"}]},{"@type":"WebSite","@id":"https:\/\/cochesaescalamiguel.es\/#website","url":"https:\/\/cochesaescalamiguel.es\/","name":"Coches a Escala Miguel","description":"Los coches de tus sue\u00f1os, en el tama\u00f1o perfecto","publisher":{"@id":"https:\/\/cochesaescalamiguel.es\/#organization"},"alternateName":"Coches a Escala Miguel","potentialAction":[{"@type":"SearchAction","target":{"@type":"EntryPoint","urlTemplate":"https:\/\/cochesaescalamiguel.es\/?s={search_term_string}"},"query-input":"required name=search_term_string"}],"inLanguage":"es"},{"@type":"Organization","@id":"https:\/\/cochesaescalamiguel.es\/#organization","name":"Miguel Charco Jimenez","url":"https:\/\/cochesaescalamiguel.es\/","logo":{"@type":"ImageObject","inLanguage":"es","@id":"https:\/\/cochesaescalamiguel.es\/#\/schema\/logo\/image\/","url":"https:\/\/cochesaescalamiguel.es\/wp-content\/uploads\/2025\/02\/image-removebg-preview-24.png","contentUrl":"https:\/\/cochesaescalamiguel.es\/wp-content\/uploads\/2025\/02\/image-removebg-preview-24.png","width":542,"height":129,"caption":"Miguel Charco Jimenez"},"image":{"@id":"https:\/\/cochesaescalamiguel.es\/#\/schema\/logo\/image\/"},"sameAs":["https:\/\/www.facebook.com\/cooperativadelcamposantaquiteria"]}]}},"_links":{"self":[{"href":"https:\/\/cochesaescalamiguel.es\/index.php\/wp-json\/wp\/v2\/pages\/151","targetHints":{"allow":["GET"]}}],"collection":[{"href":"https:\/\/cochesaescalamiguel.es\/index.php\/wp-json\/wp\/v2\/pages"}],"about":[{"href":"https:\/\/cochesaescalamiguel.es\/index.php\/wp-json\/wp\/v2\/types\/page"}],"author":[{"embeddable":true,"href":"https:\/\/cochesaescalamiguel.es\/index.php\/wp-json\/wp\/v2\/users\/1"}],"replies":[{"embeddable":true,"href":"https:\/\/cochesaescalamiguel.es\/index.php\/wp-json\/wp\/v2\/comments?post=151"}],"version-history":[{"count":14,"href":"https:\/\/cochesaescalamiguel.es\/index.php\/wp-json\/wp\/v2\/pages\/151\/revisions"}],"predecessor-version":[{"id":300,"href":"https:\/\/cochesaescalamiguel.es\/index.php\/wp-json\/wp\/v2\/pages\/151\/revisions\/300"}],"wp:attachment":[{"href":"https:\/\/cochesaescalamiguel.es\/index.php\/wp-json\/wp\/v2\/media?parent=151"}],"curies":[{"name":"wp","href":"https:\/\/api.w.org\/{rel}","templated":true}]}}