{"id":20,"date":"2023-07-06T16:16:21","date_gmt":"2023-07-06T16:16:21","guid":{"rendered":"https:\/\/cochesaescalamiguel.es\/?page_id=20"},"modified":"2025-04-07T09:34:10","modified_gmt":"2025-04-07T09:34:10","slug":"quienes-somos","status":"publish","type":"page","link":"https:\/\/cochesaescalamiguel.es\/index.php\/quienes-somos\/","title":{"rendered":"Qui\u00e9nes somos"},"content":{"rendered":"\n<div class=\"section-wrapper\" data-id=\"IbvdfN\"><section class=\"wp-block-gutenverse-section guten-element guten-section guten-IbvdfN layout-boxed align-stretch\"><div class=\"guten-background-overlay\"><\/div><div class=\"guten-shape-divider guten-shape-divider-top\"><\/div><div class=\"guten-shape-divider guten-shape-divider-bottom\"><\/div><div class=\"guten-container guten-column-gap-default\">\n<div class=\"wp-block-gutenverse-column guten-element guten-column guten-NBv7s5\"><div class=\"guten-background-overlay\"><\/div><div class=\"sticky-wrapper\" data-id=\"NBv7s5\"><div class=\"guten-column-wrapper\">\n<h2 class=\"wp-block-gutenverse-heading guten-element guten-2W1hqH animated guten-element-hide slow desktop-fadeInRight\">Pasi\u00f3n por el Automovilismo en Miniatura<\/h2>\n<\/div><\/div><\/div>\n<\/div><\/section><\/div>\n\n\n\n<div class=\"section-wrapper\" data-id=\"5e9nnt\"><section class=\"wp-block-gutenverse-section guten-element guten-section guten-5e9nnt layout-boxed align-stretch\"><div class=\"guten-background-overlay\"><\/div><div class=\"guten-shape-divider guten-shape-divider-top\"><\/div><div class=\"guten-shape-divider guten-shape-divider-bottom\"><\/div><div class=\"guten-container guten-column-gap-no\">\n<div class=\"wp-block-gutenverse-column guten-element guten-column guten-f8UOQS\"><div class=\"guten-background-overlay\"><\/div><div class=\"sticky-wrapper\" data-id=\"f8UOQS\"><div class=\"guten-column-wrapper\">\n<div class=\"wp-block-gutenverse-image guten-element guten-image guten-CxALNP\"><a class=\"guten-image-wrapper\"><img loading=\"lazy\" decoding=\"async\" class=\"gutenverse-image-box-filled\" src=\"https:\/\/cochesaescalamiguel.es\/wp-content\/uploads\/2025\/02\/471734083_615301481068545_1994216661688644288_n.jpg\" height=\"1536\" width=\"2048\"\/><\/a><\/div>\n<\/div><\/div><\/div>\n\n\n\n<div class=\"wp-block-gutenverse-column guten-element guten-column guten-hm22ZI\"><div class=\"guten-background-overlay\"><\/div><div class=\"sticky-wrapper\" data-id=\"hm22ZI\"><div class=\"guten-column-wrapper\">\n<div class=\"guten-element gutenverse-text-editor guten-wb6sWe\"><div class=\"text-content-inner\">\n<p>En <strong>Coches a Escala Miguel<\/strong>, no solo vendemos coches en miniatura, vivimos y respiramos el mundo del motor. Somos un equipo de apasionados por el coleccionismo y el modelismo, con la misi\u00f3n de ofrecer a nuestros clientes r\u00e9plicas detalladas y de la m\u00e1s alta calidad.<\/p>\n\n\n\n<p>Desde los modelos cl\u00e1sicos que marcaron la historia hasta los superdeportivos m\u00e1s modernos, nuestra tienda es el destino ideal para coleccionistas, aficionados al automovilismo y amantes del detalle. Trabajamos con marcas reconocidas en el sector para garantizarte miniaturas fieles a los coches originales, con acabados precisos y materiales de primera.<\/p>\n\n\n\n<p>El coleccionismo de coches en miniatura es m\u00e1s que un hobby, es una pasi\u00f3n que nos acompa\u00f1a desde hace a\u00f1os. <strong>Coches a Escala Miguel<\/strong> naci\u00f3 del amor por los autom\u00f3viles y del deseo de compartir esa afici\u00f3n con otros entusiastas.<\/p>\n\n\n\n<p><\/p>\n<\/div><\/div>\n<\/div><\/div><\/div>\n<\/div><\/section><\/div>\n\n\n\n<div class=\"section-wrapper\" data-id=\"MZxqoG\"><section class=\"wp-block-gutenverse-section guten-element guten-section guten-MZxqoG layout-boxed align-stretch\"><div class=\"guten-background-overlay\"><\/div><div class=\"guten-shape-divider guten-shape-divider-top\"><\/div><div class=\"guten-shape-divider guten-shape-divider-bottom\"><\/div><div class=\"guten-container guten-column-gap-default\">\n<div class=\"wp-block-gutenverse-column guten-element guten-column guten-QrvuLc\"><div class=\"guten-background-overlay\"><\/div><div class=\"sticky-wrapper\" data-id=\"QrvuLc\"><div class=\"guten-column-wrapper\">\n<div class=\"guten-element gutenverse-text-editor guten-jKHrs7\"><div class=\"text-content-inner\">\n<p>Lo que comenz\u00f3 como una colecci\u00f3n personal se convirti\u00f3 en un negocio donde ofrecemos a nuestros clientes la posibilidad de encontrar las miniaturas m\u00e1s buscadas, ediciones limitadas y modelos especiales que no se encuentran en cualquier tienda.<\/p>\n\n\n\n<p>Nuestra meta es brindarte una experiencia de compra \u00fanica, con asesoramiento personalizado y un cat\u00e1logo siempre actualizado con las mejores novedades del modelismo automovil\u00edstico.<\/p>\n<\/div><\/div>\n<\/div><\/div><\/div>\n<\/div><\/section><\/div>\n\n\n\n<div class=\"section-wrapper\" data-id=\"6FHRvf\"><section class=\"wp-block-gutenverse-section guten-element guten-section guten-6FHRvf layout-boxed align-stretch\"><div class=\"guten-background-overlay\"><\/div><div class=\"guten-shape-divider guten-shape-divider-top\"><\/div><div class=\"guten-shape-divider guten-shape-divider-bottom\"><\/div><div class=\"guten-container guten-column-gap-default\">\n<div class=\"wp-block-gutenverse-column guten-element guten-column guten-o7LmDR\"><div class=\"guten-background-overlay\"><\/div><div class=\"sticky-wrapper\" data-id=\"o7LmDR\"><div class=\"guten-column-wrapper\">\n<figure class=\"wp-block-gallery has-nested-images columns-default is-cropped wp-block-gallery-1 is-layout-flex wp-block-gallery-is-layout-flex\">\n<figure class=\"wp-block-image size-large\"><img loading=\"lazy\" decoding=\"async\" width=\"1024\" height=\"576\" src=\"https:\/\/cochesaescalamiguel.es\/wp-content\/uploads\/2025\/04\/IMG-20250210-WA0004-1024x576.jpg\" alt=\"\" class=\"wp-image-312\" srcset=\"https:\/\/cochesaescalamiguel.es\/wp-content\/uploads\/2025\/04\/IMG-20250210-WA0004-1024x576.jpg 1024w, https:\/\/cochesaescalamiguel.es\/wp-content\/uploads\/2025\/04\/IMG-20250210-WA0004-300x169.jpg 300w, https:\/\/cochesaescalamiguel.es\/wp-content\/uploads\/2025\/04\/IMG-20250210-WA0004-768x432.jpg 768w, https:\/\/cochesaescalamiguel.es\/wp-content\/uploads\/2025\/04\/IMG-20250210-WA0004-1536x864.jpg 1536w, https:\/\/cochesaescalamiguel.es\/wp-content\/uploads\/2025\/04\/IMG-20250210-WA0004.jpg 2040w\" sizes=\"auto, (max-width: 1024px) 100vw, 1024px\" \/><\/figure>\n\n\n\n<figure class=\"wp-block-image size-large\"><img loading=\"lazy\" decoding=\"async\" width=\"1024\" height=\"768\" src=\"https:\/\/cochesaescalamiguel.es\/wp-content\/uploads\/2025\/04\/IMG-20250210-WA0007-1024x768.jpg\" alt=\"\" class=\"wp-image-317\" srcset=\"https:\/\/cochesaescalamiguel.es\/wp-content\/uploads\/2025\/04\/IMG-20250210-WA0007-1024x768.jpg 1024w, https:\/\/cochesaescalamiguel.es\/wp-content\/uploads\/2025\/04\/IMG-20250210-WA0007-300x225.jpg 300w, https:\/\/cochesaescalamiguel.es\/wp-content\/uploads\/2025\/04\/IMG-20250210-WA0007-768x576.jpg 768w, https:\/\/cochesaescalamiguel.es\/wp-content\/uploads\/2025\/04\/IMG-20250210-WA0007-1536x1152.jpg 1536w, https:\/\/cochesaescalamiguel.es\/wp-content\/uploads\/2025\/04\/IMG-20250210-WA0007.jpg 2040w\" sizes=\"auto, (max-width: 1024px) 100vw, 1024px\" \/><\/figure>\n\n\n\n<figure class=\"wp-block-image size-large\"><img loading=\"lazy\" decoding=\"async\" width=\"1024\" height=\"576\" src=\"https:\/\/cochesaescalamiguel.es\/wp-content\/uploads\/2025\/04\/IMG-20250210-WA0008-1024x576.jpg\" alt=\"\" class=\"wp-image-318\" srcset=\"https:\/\/cochesaescalamiguel.es\/wp-content\/uploads\/2025\/04\/IMG-20250210-WA0008-1024x576.jpg 1024w, https:\/\/cochesaescalamiguel.es\/wp-content\/uploads\/2025\/04\/IMG-20250210-WA0008-300x169.jpg 300w, https:\/\/cochesaescalamiguel.es\/wp-content\/uploads\/2025\/04\/IMG-20250210-WA0008-768x432.jpg 768w, https:\/\/cochesaescalamiguel.es\/wp-content\/uploads\/2025\/04\/IMG-20250210-WA0008-1536x864.jpg 1536w, https:\/\/cochesaescalamiguel.es\/wp-content\/uploads\/2025\/04\/IMG-20250210-WA0008.jpg 2040w\" sizes=\"auto, (max-width: 1024px) 100vw, 1024px\" \/><\/figure>\n\n\n\n<figure class=\"wp-block-image size-large\"><img loading=\"lazy\" decoding=\"async\" width=\"1024\" height=\"576\" src=\"https:\/\/cochesaescalamiguel.es\/wp-content\/uploads\/2025\/04\/IMG-20250210-WA0010-1024x576.jpg\" alt=\"\" class=\"wp-image-310\" srcset=\"https:\/\/cochesaescalamiguel.es\/wp-content\/uploads\/2025\/04\/IMG-20250210-WA0010-1024x576.jpg 1024w, https:\/\/cochesaescalamiguel.es\/wp-content\/uploads\/2025\/04\/IMG-20250210-WA0010-300x169.jpg 300w, https:\/\/cochesaescalamiguel.es\/wp-content\/uploads\/2025\/04\/IMG-20250210-WA0010-768x432.jpg 768w, https:\/\/cochesaescalamiguel.es\/wp-content\/uploads\/2025\/04\/IMG-20250210-WA0010-1536x864.jpg 1536w, https:\/\/cochesaescalamiguel.es\/wp-content\/uploads\/2025\/04\/IMG-20250210-WA0010.jpg 2040w\" sizes=\"auto, (max-width: 1024px) 100vw, 1024px\" \/><\/figure>\n\n\n\n<figure class=\"wp-block-image size-large\"><img loading=\"lazy\" decoding=\"async\" width=\"1024\" height=\"768\" src=\"https:\/\/cochesaescalamiguel.es\/wp-content\/uploads\/2025\/04\/IMG-20250210-WA0012-1024x768.jpg\" alt=\"\" class=\"wp-image-311\" srcset=\"https:\/\/cochesaescalamiguel.es\/wp-content\/uploads\/2025\/04\/IMG-20250210-WA0012-1024x768.jpg 1024w, https:\/\/cochesaescalamiguel.es\/wp-content\/uploads\/2025\/04\/IMG-20250210-WA0012-300x225.jpg 300w, https:\/\/cochesaescalamiguel.es\/wp-content\/uploads\/2025\/04\/IMG-20250210-WA0012-768x576.jpg 768w, https:\/\/cochesaescalamiguel.es\/wp-content\/uploads\/2025\/04\/IMG-20250210-WA0012-1536x1152.jpg 1536w, https:\/\/cochesaescalamiguel.es\/wp-content\/uploads\/2025\/04\/IMG-20250210-WA0012.jpg 2040w\" sizes=\"auto, (max-width: 1024px) 100vw, 1024px\" \/><\/figure>\n\n\n\n<figure class=\"wp-block-image size-large\"><img loading=\"lazy\" decoding=\"async\" width=\"1024\" height=\"768\" src=\"https:\/\/cochesaescalamiguel.es\/wp-content\/uploads\/2025\/04\/IMG-20250210-WA0014-1024x768.jpg\" alt=\"\" class=\"wp-image-315\" srcset=\"https:\/\/cochesaescalamiguel.es\/wp-content\/uploads\/2025\/04\/IMG-20250210-WA0014-1024x768.jpg 1024w, https:\/\/cochesaescalamiguel.es\/wp-content\/uploads\/2025\/04\/IMG-20250210-WA0014-300x225.jpg 300w, https:\/\/cochesaescalamiguel.es\/wp-content\/uploads\/2025\/04\/IMG-20250210-WA0014-768x576.jpg 768w, https:\/\/cochesaescalamiguel.es\/wp-content\/uploads\/2025\/04\/IMG-20250210-WA0014-1536x1152.jpg 1536w, https:\/\/cochesaescalamiguel.es\/wp-content\/uploads\/2025\/04\/IMG-20250210-WA0014.jpg 2040w\" sizes=\"auto, (max-width: 1024px) 100vw, 1024px\" \/><\/figure>\n\n\n\n<figure class=\"wp-block-image size-large\"><img loading=\"lazy\" decoding=\"async\" width=\"1024\" height=\"771\" src=\"https:\/\/cochesaescalamiguel.es\/wp-content\/uploads\/2025\/04\/IMG-20250210-WA0015-1024x771.jpg\" alt=\"\" class=\"wp-image-314\" srcset=\"https:\/\/cochesaescalamiguel.es\/wp-content\/uploads\/2025\/04\/IMG-20250210-WA0015-1024x771.jpg 1024w, https:\/\/cochesaescalamiguel.es\/wp-content\/uploads\/2025\/04\/IMG-20250210-WA0015-300x226.jpg 300w, https:\/\/cochesaescalamiguel.es\/wp-content\/uploads\/2025\/04\/IMG-20250210-WA0015-768x578.jpg 768w, https:\/\/cochesaescalamiguel.es\/wp-content\/uploads\/2025\/04\/IMG-20250210-WA0015-1536x1157.jpg 1536w, https:\/\/cochesaescalamiguel.es\/wp-content\/uploads\/2025\/04\/IMG-20250210-WA0015.jpg 2040w\" sizes=\"auto, (max-width: 1024px) 100vw, 1024px\" \/><\/figure>\n\n\n\n<figure class=\"wp-block-image size-large\"><img loading=\"lazy\" decoding=\"async\" width=\"1024\" height=\"768\" src=\"https:\/\/cochesaescalamiguel.es\/wp-content\/uploads\/2025\/04\/IMG-20250210-WA0016-1024x768.jpg\" alt=\"\" class=\"wp-image-313\" srcset=\"https:\/\/cochesaescalamiguel.es\/wp-content\/uploads\/2025\/04\/IMG-20250210-WA0016-1024x768.jpg 1024w, https:\/\/cochesaescalamiguel.es\/wp-content\/uploads\/2025\/04\/IMG-20250210-WA0016-300x225.jpg 300w, https:\/\/cochesaescalamiguel.es\/wp-content\/uploads\/2025\/04\/IMG-20250210-WA0016-768x576.jpg 768w, https:\/\/cochesaescalamiguel.es\/wp-content\/uploads\/2025\/04\/IMG-20250210-WA0016-1536x1152.jpg 1536w, https:\/\/cochesaescalamiguel.es\/wp-content\/uploads\/2025\/04\/IMG-20250210-WA0016.jpg 2040w\" sizes=\"auto, (max-width: 1024px) 100vw, 1024px\" \/><\/figure>\n\n\n\n<figure class=\"wp-block-image size-large\"><img loading=\"lazy\" decoding=\"async\" width=\"1024\" height=\"1024\" src=\"https:\/\/cochesaescalamiguel.es\/wp-content\/uploads\/2025\/04\/IMG-20250210-WA0017-1024x1024.jpg\" alt=\"\" class=\"wp-image-321\" srcset=\"https:\/\/cochesaescalamiguel.es\/wp-content\/uploads\/2025\/04\/IMG-20250210-WA0017-1024x1024.jpg 1024w, https:\/\/cochesaescalamiguel.es\/wp-content\/uploads\/2025\/04\/IMG-20250210-WA0017-300x300.jpg 300w, https:\/\/cochesaescalamiguel.es\/wp-content\/uploads\/2025\/04\/IMG-20250210-WA0017-150x150.jpg 150w, https:\/\/cochesaescalamiguel.es\/wp-content\/uploads\/2025\/04\/IMG-20250210-WA0017-768x768.jpg 768w, https:\/\/cochesaescalamiguel.es\/wp-content\/uploads\/2025\/04\/IMG-20250210-WA0017-1536x1536.jpg 1536w, https:\/\/cochesaescalamiguel.es\/wp-content\/uploads\/2025\/04\/IMG-20250210-WA0017.jpg 2048w\" sizes=\"auto, (max-width: 1024px) 100vw, 1024px\" \/><\/figure>\n\n\n\n<figure class=\"wp-block-image size-large\"><img loading=\"lazy\" decoding=\"async\" width=\"1024\" height=\"768\" src=\"https:\/\/cochesaescalamiguel.es\/wp-content\/uploads\/2025\/04\/IMG-20250210-WA0018-1024x768.jpg\" alt=\"\" class=\"wp-image-316\" srcset=\"https:\/\/cochesaescalamiguel.es\/wp-content\/uploads\/2025\/04\/IMG-20250210-WA0018-1024x768.jpg 1024w, https:\/\/cochesaescalamiguel.es\/wp-content\/uploads\/2025\/04\/IMG-20250210-WA0018-300x225.jpg 300w, https:\/\/cochesaescalamiguel.es\/wp-content\/uploads\/2025\/04\/IMG-20250210-WA0018-768x576.jpg 768w, https:\/\/cochesaescalamiguel.es\/wp-content\/uploads\/2025\/04\/IMG-20250210-WA0018-1536x1152.jpg 1536w, https:\/\/cochesaescalamiguel.es\/wp-content\/uploads\/2025\/04\/IMG-20250210-WA0018.jpg 2040w\" sizes=\"auto, (max-width: 1024px) 100vw, 1024px\" \/><\/figure>\n\n\n\n<figure class=\"wp-block-image size-large\"><img loading=\"lazy\" decoding=\"async\" width=\"1024\" height=\"576\" src=\"https:\/\/cochesaescalamiguel.es\/wp-content\/uploads\/2025\/04\/IMG-20250210-WA0020-1024x576.jpg\" alt=\"\" class=\"wp-image-322\" srcset=\"https:\/\/cochesaescalamiguel.es\/wp-content\/uploads\/2025\/04\/IMG-20250210-WA0020-1024x576.jpg 1024w, https:\/\/cochesaescalamiguel.es\/wp-content\/uploads\/2025\/04\/IMG-20250210-WA0020-300x169.jpg 300w, https:\/\/cochesaescalamiguel.es\/wp-content\/uploads\/2025\/04\/IMG-20250210-WA0020-768x432.jpg 768w, https:\/\/cochesaescalamiguel.es\/wp-content\/uploads\/2025\/04\/IMG-20250210-WA0020-1536x864.jpg 1536w, https:\/\/cochesaescalamiguel.es\/wp-content\/uploads\/2025\/04\/IMG-20250210-WA0020.jpg 2040w\" sizes=\"auto, (max-width: 1024px) 100vw, 1024px\" \/><\/figure>\n\n\n\n<figure class=\"wp-block-image size-large\"><img loading=\"lazy\" decoding=\"async\" width=\"1024\" height=\"768\" src=\"https:\/\/cochesaescalamiguel.es\/wp-content\/uploads\/2025\/04\/IMG-20250210-WA0023-1024x768.jpg\" alt=\"\" class=\"wp-image-319\" srcset=\"https:\/\/cochesaescalamiguel.es\/wp-content\/uploads\/2025\/04\/IMG-20250210-WA0023-1024x768.jpg 1024w, https:\/\/cochesaescalamiguel.es\/wp-content\/uploads\/2025\/04\/IMG-20250210-WA0023-300x225.jpg 300w, https:\/\/cochesaescalamiguel.es\/wp-content\/uploads\/2025\/04\/IMG-20250210-WA0023-768x576.jpg 768w, https:\/\/cochesaescalamiguel.es\/wp-content\/uploads\/2025\/04\/IMG-20250210-WA0023-1536x1152.jpg 1536w, https:\/\/cochesaescalamiguel.es\/wp-content\/uploads\/2025\/04\/IMG-20250210-WA0023.jpg 2040w\" sizes=\"auto, (max-width: 1024px) 100vw, 1024px\" \/><\/figure>\n\n\n\n<figure class=\"wp-block-image size-large\"><img loading=\"lazy\" decoding=\"async\" width=\"1024\" height=\"768\" src=\"https:\/\/cochesaescalamiguel.es\/wp-content\/uploads\/2025\/04\/IMG-20250210-WA0025-1024x768.jpg\" alt=\"\" class=\"wp-image-320\" srcset=\"https:\/\/cochesaescalamiguel.es\/wp-content\/uploads\/2025\/04\/IMG-20250210-WA0025-1024x768.jpg 1024w, https:\/\/cochesaescalamiguel.es\/wp-content\/uploads\/2025\/04\/IMG-20250210-WA0025-300x225.jpg 300w, https:\/\/cochesaescalamiguel.es\/wp-content\/uploads\/2025\/04\/IMG-20250210-WA0025-768x576.jpg 768w, https:\/\/cochesaescalamiguel.es\/wp-content\/uploads\/2025\/04\/IMG-20250210-WA0025-1536x1152.jpg 1536w, https:\/\/cochesaescalamiguel.es\/wp-content\/uploads\/2025\/04\/IMG-20250210-WA0025.jpg 2040w\" sizes=\"auto, (max-width: 1024px) 100vw, 1024px\" \/><\/figure>\n<\/figure>\n<\/div><\/div><\/div>\n<\/div><\/section><\/div>\n","protected":false},"excerpt":{"rendered":"","protected":false},"author":1,"featured_media":0,"parent":0,"menu_order":0,"comment_status":"closed","ping_status":"closed","template":"","meta":{"footnotes":""},"class_list":["post-20","page","type-page","status-publish","hentry"],"yoast_head":"<!-- This site is optimized with the Yoast SEO plugin v23.1 - https:\/\/yoast.com\/wordpress\/plugins\/seo\/ -->\n<title>Qui\u00e9nes somos - Coches a Escala Miguel<\/title>\n<meta name=\"robots\" content=\"index, follow, max-snippet:-1, max-image-preview:large, max-video-preview:-1\" \/>\n<link rel=\"canonical\" href=\"https:\/\/cochesaescalamiguel.es\/index.php\/quienes-somos\/\" \/>\n<meta property=\"og:locale\" content=\"es_ES\" \/>\n<meta property=\"og:type\" content=\"article\" \/>\n<meta property=\"og:title\" content=\"Qui\u00e9nes somos - Coches a Escala Miguel\" \/>\n<meta property=\"og:url\" content=\"https:\/\/cochesaescalamiguel.es\/index.php\/quienes-somos\/\" \/>\n<meta property=\"og:site_name\" content=\"Coches a Escala Miguel\" \/>\n<meta property=\"article:publisher\" content=\"https:\/\/www.facebook.com\/cooperativadelcamposantaquiteria\" \/>\n<meta property=\"article:modified_time\" content=\"2025-04-07T09:34:10+00:00\" \/>\n<meta property=\"og:image\" content=\"https:\/\/cochesaescalamiguel.es\/wp-content\/uploads\/2025\/02\/471734083_615301481068545_1994216661688644288_n.jpg\" \/>\n<meta name=\"twitter:card\" content=\"summary_large_image\" \/>\n<meta name=\"twitter:label1\" content=\"Tiempo de lectura\" \/>\n\t<meta name=\"twitter:data1\" content=\"4 minutos\" \/>\n<script type=\"application\/ld+json\" class=\"yoast-schema-graph\">{\"@context\":\"https:\/\/schema.org\",\"@graph\":[{\"@type\":\"WebPage\",\"@id\":\"https:\/\/cochesaescalamiguel.es\/index.php\/quienes-somos\/\",\"url\":\"https:\/\/cochesaescalamiguel.es\/index.php\/quienes-somos\/\",\"name\":\"Qui\u00e9nes somos - Coches a Escala Miguel\",\"isPartOf\":{\"@id\":\"https:\/\/cochesaescalamiguel.es\/#website\"},\"primaryImageOfPage\":{\"@id\":\"https:\/\/cochesaescalamiguel.es\/index.php\/quienes-somos\/#primaryimage\"},\"image\":{\"@id\":\"https:\/\/cochesaescalamiguel.es\/index.php\/quienes-somos\/#primaryimage\"},\"thumbnailUrl\":\"https:\/\/cochesaescalamiguel.es\/wp-content\/uploads\/2025\/02\/471734083_615301481068545_1994216661688644288_n.jpg\",\"datePublished\":\"2023-07-06T16:16:21+00:00\",\"dateModified\":\"2025-04-07T09:34:10+00:00\",\"breadcrumb\":{\"@id\":\"https:\/\/cochesaescalamiguel.es\/index.php\/quienes-somos\/#breadcrumb\"},\"inLanguage\":\"es\",\"potentialAction\":[{\"@type\":\"ReadAction\",\"target\":[\"https:\/\/cochesaescalamiguel.es\/index.php\/quienes-somos\/\"]}]},{\"@type\":\"ImageObject\",\"inLanguage\":\"es\",\"@id\":\"https:\/\/cochesaescalamiguel.es\/index.php\/quienes-somos\/#primaryimage\",\"url\":\"https:\/\/cochesaescalamiguel.es\/wp-content\/uploads\/2025\/02\/471734083_615301481068545_1994216661688644288_n.jpg\",\"contentUrl\":\"https:\/\/cochesaescalamiguel.es\/wp-content\/uploads\/2025\/02\/471734083_615301481068545_1994216661688644288_n.jpg\",\"width\":2048,\"height\":1536},{\"@type\":\"BreadcrumbList\",\"@id\":\"https:\/\/cochesaescalamiguel.es\/index.php\/quienes-somos\/#breadcrumb\",\"itemListElement\":[{\"@type\":\"ListItem\",\"position\":1,\"name\":\"Portada\",\"item\":\"https:\/\/cochesaescalamiguel.es\/\"},{\"@type\":\"ListItem\",\"position\":2,\"name\":\"Qui\u00e9nes somos\"}]},{\"@type\":\"WebSite\",\"@id\":\"https:\/\/cochesaescalamiguel.es\/#website\",\"url\":\"https:\/\/cochesaescalamiguel.es\/\",\"name\":\"Coches a Escala Miguel\",\"description\":\"Los coches de tus sue\u00f1os, en el tama\u00f1o perfecto\",\"publisher\":{\"@id\":\"https:\/\/cochesaescalamiguel.es\/#organization\"},\"alternateName\":\"Coches a Escala Miguel\",\"potentialAction\":[{\"@type\":\"SearchAction\",\"target\":{\"@type\":\"EntryPoint\",\"urlTemplate\":\"https:\/\/cochesaescalamiguel.es\/?s={search_term_string}\"},\"query-input\":\"required name=search_term_string\"}],\"inLanguage\":\"es\"},{\"@type\":\"Organization\",\"@id\":\"https:\/\/cochesaescalamiguel.es\/#organization\",\"name\":\"Miguel Charco Jimenez\",\"url\":\"https:\/\/cochesaescalamiguel.es\/\",\"logo\":{\"@type\":\"ImageObject\",\"inLanguage\":\"es\",\"@id\":\"https:\/\/cochesaescalamiguel.es\/#\/schema\/logo\/image\/\",\"url\":\"https:\/\/cochesaescalamiguel.es\/wp-content\/uploads\/2025\/02\/image-removebg-preview-24.png\",\"contentUrl\":\"https:\/\/cochesaescalamiguel.es\/wp-content\/uploads\/2025\/02\/image-removebg-preview-24.png\",\"width\":542,\"height\":129,\"caption\":\"Miguel Charco Jimenez\"},\"image\":{\"@id\":\"https:\/\/cochesaescalamiguel.es\/#\/schema\/logo\/image\/\"},\"sameAs\":[\"https:\/\/www.facebook.com\/cooperativadelcamposantaquiteria\"]}]}<\/script>\n<!-- \/ Yoast SEO plugin. -->","yoast_head_json":{"title":"Qui\u00e9nes somos - Coches a Escala Miguel","robots":{"index":"index","follow":"follow","max-snippet":"max-snippet:-1","max-image-preview":"max-image-preview:large","max-video-preview":"max-video-preview:-1"},"canonical":"https:\/\/cochesaescalamiguel.es\/index.php\/quienes-somos\/","og_locale":"es_ES","og_type":"article","og_title":"Qui\u00e9nes somos - Coches a Escala Miguel","og_url":"https:\/\/cochesaescalamiguel.es\/index.php\/quienes-somos\/","og_site_name":"Coches a Escala Miguel","article_publisher":"https:\/\/www.facebook.com\/cooperativadelcamposantaquiteria","article_modified_time":"2025-04-07T09:34:10+00:00","og_image":[{"url":"https:\/\/cochesaescalamiguel.es\/wp-content\/uploads\/2025\/02\/471734083_615301481068545_1994216661688644288_n.jpg"}],"twitter_card":"summary_large_image","twitter_misc":{"Tiempo de lectura":"4 minutos"},"schema":{"@context":"https:\/\/schema.org","@graph":[{"@type":"WebPage","@id":"https:\/\/cochesaescalamiguel.es\/index.php\/quienes-somos\/","url":"https:\/\/cochesaescalamiguel.es\/index.php\/quienes-somos\/","name":"Qui\u00e9nes somos - Coches a Escala Miguel","isPartOf":{"@id":"https:\/\/cochesaescalamiguel.es\/#website"},"primaryImageOfPage":{"@id":"https:\/\/cochesaescalamiguel.es\/index.php\/quienes-somos\/#primaryimage"},"image":{"@id":"https:\/\/cochesaescalamiguel.es\/index.php\/quienes-somos\/#primaryimage"},"thumbnailUrl":"https:\/\/cochesaescalamiguel.es\/wp-content\/uploads\/2025\/02\/471734083_615301481068545_1994216661688644288_n.jpg","datePublished":"2023-07-06T16:16:21+00:00","dateModified":"2025-04-07T09:34:10+00:00","breadcrumb":{"@id":"https:\/\/cochesaescalamiguel.es\/index.php\/quienes-somos\/#breadcrumb"},"inLanguage":"es","potentialAction":[{"@type":"ReadAction","target":["https:\/\/cochesaescalamiguel.es\/index.php\/quienes-somos\/"]}]},{"@type":"ImageObject","inLanguage":"es","@id":"https:\/\/cochesaescalamiguel.es\/index.php\/quienes-somos\/#primaryimage","url":"https:\/\/cochesaescalamiguel.es\/wp-content\/uploads\/2025\/02\/471734083_615301481068545_1994216661688644288_n.jpg","contentUrl":"https:\/\/cochesaescalamiguel.es\/wp-content\/uploads\/2025\/02\/471734083_615301481068545_1994216661688644288_n.jpg","width":2048,"height":1536},{"@type":"BreadcrumbList","@id":"https:\/\/cochesaescalamiguel.es\/index.php\/quienes-somos\/#breadcrumb","itemListElement":[{"@type":"ListItem","position":1,"name":"Portada","item":"https:\/\/cochesaescalamiguel.es\/"},{"@type":"ListItem","position":2,"name":"Qui\u00e9nes somos"}]},{"@type":"WebSite","@id":"https:\/\/cochesaescalamiguel.es\/#website","url":"https:\/\/cochesaescalamiguel.es\/","name":"Coches a Escala Miguel","description":"Los coches de tus sue\u00f1os, en el tama\u00f1o perfecto","publisher":{"@id":"https:\/\/cochesaescalamiguel.es\/#organization"},"alternateName":"Coches a Escala Miguel","potentialAction":[{"@type":"SearchAction","target":{"@type":"EntryPoint","urlTemplate":"https:\/\/cochesaescalamiguel.es\/?s={search_term_string}"},"query-input":"required name=search_term_string"}],"inLanguage":"es"},{"@type":"Organization","@id":"https:\/\/cochesaescalamiguel.es\/#organization","name":"Miguel Charco Jimenez","url":"https:\/\/cochesaescalamiguel.es\/","logo":{"@type":"ImageObject","inLanguage":"es","@id":"https:\/\/cochesaescalamiguel.es\/#\/schema\/logo\/image\/","url":"https:\/\/cochesaescalamiguel.es\/wp-content\/uploads\/2025\/02\/image-removebg-preview-24.png","contentUrl":"https:\/\/cochesaescalamiguel.es\/wp-content\/uploads\/2025\/02\/image-removebg-preview-24.png","width":542,"height":129,"caption":"Miguel Charco Jimenez"},"image":{"@id":"https:\/\/cochesaescalamiguel.es\/#\/schema\/logo\/image\/"},"sameAs":["https:\/\/www.facebook.com\/cooperativadelcamposantaquiteria"]}]}},"_links":{"self":[{"href":"https:\/\/cochesaescalamiguel.es\/index.php\/wp-json\/wp\/v2\/pages\/20","targetHints":{"allow":["GET"]}}],"collection":[{"href":"https:\/\/cochesaescalamiguel.es\/index.php\/wp-json\/wp\/v2\/pages"}],"about":[{"href":"https:\/\/cochesaescalamiguel.es\/index.php\/wp-json\/wp\/v2\/types\/page"}],"author":[{"embeddable":true,"href":"https:\/\/cochesaescalamiguel.es\/index.php\/wp-json\/wp\/v2\/users\/1"}],"replies":[{"embeddable":true,"href":"https:\/\/cochesaescalamiguel.es\/index.php\/wp-json\/wp\/v2\/comments?post=20"}],"version-history":[{"count":21,"href":"https:\/\/cochesaescalamiguel.es\/index.php\/wp-json\/wp\/v2\/pages\/20\/revisions"}],"predecessor-version":[{"id":323,"href":"https:\/\/cochesaescalamiguel.es\/index.php\/wp-json\/wp\/v2\/pages\/20\/revisions\/323"}],"wp:attachment":[{"href":"https:\/\/cochesaescalamiguel.es\/index.php\/wp-json\/wp\/v2\/media?parent=20"}],"curies":[{"name":"wp","href":"https:\/\/api.w.org\/{rel}","templated":true}]}}