{"id":22,"date":"2023-07-06T16:16:31","date_gmt":"2023-07-06T16:16:31","guid":{"rendered":"https:\/\/cochesaescalamiguel.es\/?page_id=22"},"modified":"2025-02-02T15:39:12","modified_gmt":"2025-02-02T15:39:12","slug":"contacto","status":"publish","type":"page","link":"https:\/\/cochesaescalamiguel.es\/index.php\/contacto\/","title":{"rendered":"Contacto"},"content":{"rendered":"\n<div class=\"section-wrapper\" data-id=\"2cw8B7\"><section class=\"wp-block-gutenverse-section guten-element guten-section guten-2cw8B7 layout-boxed align-stretch\"><div class=\"guten-background-overlay\"><\/div><div class=\"guten-shape-divider guten-shape-divider-top\"><\/div><div class=\"guten-shape-divider guten-shape-divider-bottom\"><\/div><div class=\"guten-container guten-column-gap-default\">\n<div class=\"wp-block-gutenverse-column guten-element guten-column guten-tCwytO\"><div class=\"guten-background-overlay\"><\/div><div class=\"sticky-wrapper\" data-id=\"tCwytO\"><div class=\"guten-column-wrapper\">\n<h2 class=\"wp-block-gutenverse-heading guten-element guten-3kS4kk animated guten-element-hide slow desktop-fadeInLeft\">Contacta con nosotros<\/h2>\n\n\n\n<h2 class=\"wp-block-gutenverse-heading guten-element guten-FKGMMb animated guten-element-hide slow desktop-fadeInRight\"><\/h2>\n\n\n\n<div class=\"guten-element gutenverse-text-editor guten-bwmK4G\"><div class=\"text-content-inner\">\n<p>Si tienes alguna consulta sobre nuestros coches en miniatura, quieres informaci\u00f3n sobre un modelo espec\u00edfico o necesitas asesoramiento para tu colecci\u00f3n, en <strong>Coches a Escala Miguel<\/strong> estaremos encantados de atenderte.<\/p>\n<\/div><\/div>\n\n\n\n<div class=\"section-wrapper\" data-id=\"7z09Io\"><section class=\"wp-block-gutenverse-section guten-element guten-section guten-7z09Io layout-boxed align-stretch\"><div class=\"guten-background-overlay\"><\/div><div class=\"guten-shape-divider guten-shape-divider-top\"><\/div><div class=\"guten-shape-divider guten-shape-divider-bottom\"><\/div><div class=\"guten-container guten-column-gap-no\">\n<div class=\"wp-block-gutenverse-column guten-element guten-column guten-Ol0DVU\"><div class=\"guten-background-overlay\"><\/div><div class=\"sticky-wrapper\" data-id=\"Ol0DVU\"><div class=\"guten-column-wrapper\">\n<div class=\"guten-element guten-7MwyZd guten-icon-box icon-position-left\"><div class=\"guten-icon-box-wrapper hover-from-left\"><div class=\"icon-box icon-box-header\"><div class=\"icon style-color\"><i class=\"gtn gtn-apartment-light\"><\/i><\/div><\/div><div class=\"icon-box icon-box-body\"><h3 class=\"title\">Sevilla<\/h3><p class=\"icon-box-description\">Calle cruces n.126 1.F, 02630 La Roda Albacete<\/p><\/div><\/div><\/div>\n<\/div><\/div><\/div>\n<\/div><\/section><\/div>\n\n\n\n<div class=\"section-wrapper\" data-id=\"k5uquA\"><section class=\"wp-block-gutenverse-section guten-element guten-section guten-k5uquA layout-boxed align-stretch\"><div class=\"guten-background-overlay\"><\/div><div class=\"guten-shape-divider guten-shape-divider-top\"><\/div><div class=\"guten-shape-divider guten-shape-divider-bottom\"><\/div><div class=\"guten-container guten-column-gap-no\">\n<div class=\"wp-block-gutenverse-column guten-element guten-column guten-lQPNC0\"><div class=\"guten-background-overlay\"><\/div><div class=\"sticky-wrapper\" data-id=\"lQPNC0\"><div class=\"guten-column-wrapper\">\n<div class=\"guten-element guten-HE6K3N guten-icon-box icon-position-left\"><div class=\"guten-icon-box-wrapper hover-from-left\"><div class=\"icon-box icon-box-header\"><div class=\"icon style-color\"><i class=\"gtn gtn-phone1-light\"><\/i><\/div><\/div><div class=\"icon-box icon-box-body\"><h3 class=\"title\">Tel\u00e9fono<\/h3><p class=\"icon-box-description\">+34 649 80 24 67<\/p><\/div><\/div><\/div>\n<\/div><\/div><\/div>\n\n\n\n<div class=\"wp-block-gutenverse-column guten-element guten-column guten-47yyzn\"><div class=\"guten-background-overlay\"><\/div><div class=\"sticky-wrapper\" data-id=\"47yyzn\"><div class=\"guten-column-wrapper\">\n<div class=\"guten-element guten-TTPwcH guten-icon-box icon-position-left\"><div class=\"guten-icon-box-wrapper hover-from-left\"><div class=\"icon-box icon-box-header\"><div class=\"icon style-color\"><i class=\"gtn gtn-email1-light\"><\/i><\/div><\/div><div class=\"icon-box icon-box-body\"><h3 class=\"title\">Email<\/h3><p class=\"icon-box-description\">info@cochesaescalamiguel.es<\/p><\/div><\/div><\/div>\n<\/div><\/div><\/div>\n<\/div><\/section><\/div>\n<\/div><\/div><\/div>\n\n\n\n<div class=\"wp-block-gutenverse-column guten-element guten-column guten-qm7QFN\"><div class=\"guten-background-overlay\"><\/div><div class=\"sticky-wrapper\" data-id=\"qm7QFN\"><div class=\"guten-column-wrapper\">\n<figure class=\"wp-block-image size-large\"><img loading=\"lazy\" decoding=\"async\" width=\"1024\" height=\"576\" src=\"https:\/\/cochesaescalamiguel.es\/wp-content\/uploads\/2025\/02\/469420265_599600232638670_7326996912212921349_n-1024x576.jpg\" alt=\"\" class=\"wp-image-285\" srcset=\"https:\/\/cochesaescalamiguel.es\/wp-content\/uploads\/2025\/02\/469420265_599600232638670_7326996912212921349_n-1024x576.jpg 1024w, https:\/\/cochesaescalamiguel.es\/wp-content\/uploads\/2025\/02\/469420265_599600232638670_7326996912212921349_n-300x169.jpg 300w, https:\/\/cochesaescalamiguel.es\/wp-content\/uploads\/2025\/02\/469420265_599600232638670_7326996912212921349_n-768x432.jpg 768w, https:\/\/cochesaescalamiguel.es\/wp-content\/uploads\/2025\/02\/469420265_599600232638670_7326996912212921349_n-1536x864.jpg 1536w, https:\/\/cochesaescalamiguel.es\/wp-content\/uploads\/2025\/02\/469420265_599600232638670_7326996912212921349_n.jpg 2048w\" sizes=\"auto, (max-width: 1024px) 100vw, 1024px\" \/><\/figure>\n<\/div><\/div><\/div>\n<\/div><\/section><\/div>\n\n\n\n<div class=\"section-wrapper\" data-id=\"jXpkDN\"><section class=\"wp-block-gutenverse-section guten-element guten-section guten-jXpkDN layout-fullwidth align-stretch\"><div class=\"guten-background-overlay\"><\/div><div class=\"guten-shape-divider guten-shape-divider-top\"><\/div><div class=\"guten-shape-divider guten-shape-divider-bottom\"><\/div><div class=\"guten-container guten-column-gap-no\">\n<div class=\"wp-block-gutenverse-column guten-element guten-column guten-x0P0zb\"><div class=\"guten-background-overlay\"><\/div><div class=\"sticky-wrapper\" data-id=\"x0P0zb\"><div class=\"guten-column-wrapper\">\n<div class=\"guten-element gutenverse-maps guten-KZD2sx\"><iframe frameborder=\"0\" scrolling=\"no\" marginheight=\"0\" marginwidth=\"0\" src=\"https:\/\/maps.google.com\/maps?q=Calle%20cruces%20n.126%201.F%2002630%20La%20Roda%20albacete&amp;z=17&amp;t=m&amp;output=embed&amp;iwloc=near\" title=\"Calle cruces n.126 1.F 02630 La Roda albacete\"><\/iframe><\/div>\n<\/div><\/div><\/div>\n<\/div><\/section><\/div>\n","protected":false},"excerpt":{"rendered":"","protected":false},"author":1,"featured_media":0,"parent":0,"menu_order":0,"comment_status":"closed","ping_status":"closed","template":"","meta":{"footnotes":""},"class_list":["post-22","page","type-page","status-publish","hentry"],"yoast_head":"<!-- This site is optimized with the Yoast SEO plugin v23.1 - https:\/\/yoast.com\/wordpress\/plugins\/seo\/ -->\n<title>Contacto - Coches a Escala Miguel<\/title>\n<meta name=\"robots\" content=\"index, follow, max-snippet:-1, max-image-preview:large, max-video-preview:-1\" \/>\n<link rel=\"canonical\" href=\"https:\/\/cochesaescalamiguel.es\/index.php\/contacto\/\" \/>\n<meta property=\"og:locale\" content=\"es_ES\" \/>\n<meta property=\"og:type\" content=\"article\" \/>\n<meta property=\"og:title\" content=\"Contacto - Coches a Escala Miguel\" \/>\n<meta property=\"og:url\" content=\"https:\/\/cochesaescalamiguel.es\/index.php\/contacto\/\" \/>\n<meta property=\"og:site_name\" content=\"Coches a Escala Miguel\" \/>\n<meta property=\"article:publisher\" content=\"https:\/\/www.facebook.com\/cooperativadelcamposantaquiteria\" \/>\n<meta property=\"article:modified_time\" content=\"2025-02-02T15:39:12+00:00\" \/>\n<meta property=\"og:image\" content=\"https:\/\/cochesaescalamiguel.es\/wp-content\/uploads\/2025\/02\/469420265_599600232638670_7326996912212921349_n-1024x576.jpg\" \/>\n<meta name=\"twitter:card\" content=\"summary_large_image\" \/>\n<meta name=\"twitter:label1\" content=\"Tiempo de lectura\" \/>\n\t<meta name=\"twitter:data1\" content=\"1 minuto\" \/>\n<script type=\"application\/ld+json\" class=\"yoast-schema-graph\">{\"@context\":\"https:\/\/schema.org\",\"@graph\":[{\"@type\":\"WebPage\",\"@id\":\"https:\/\/cochesaescalamiguel.es\/index.php\/contacto\/\",\"url\":\"https:\/\/cochesaescalamiguel.es\/index.php\/contacto\/\",\"name\":\"Contacto - Coches a Escala Miguel\",\"isPartOf\":{\"@id\":\"https:\/\/cochesaescalamiguel.es\/#website\"},\"primaryImageOfPage\":{\"@id\":\"https:\/\/cochesaescalamiguel.es\/index.php\/contacto\/#primaryimage\"},\"image\":{\"@id\":\"https:\/\/cochesaescalamiguel.es\/index.php\/contacto\/#primaryimage\"},\"thumbnailUrl\":\"https:\/\/cochesaescalamiguel.es\/wp-content\/uploads\/2025\/02\/469420265_599600232638670_7326996912212921349_n-1024x576.jpg\",\"datePublished\":\"2023-07-06T16:16:31+00:00\",\"dateModified\":\"2025-02-02T15:39:12+00:00\",\"breadcrumb\":{\"@id\":\"https:\/\/cochesaescalamiguel.es\/index.php\/contacto\/#breadcrumb\"},\"inLanguage\":\"es\",\"potentialAction\":[{\"@type\":\"ReadAction\",\"target\":[\"https:\/\/cochesaescalamiguel.es\/index.php\/contacto\/\"]}]},{\"@type\":\"ImageObject\",\"inLanguage\":\"es\",\"@id\":\"https:\/\/cochesaescalamiguel.es\/index.php\/contacto\/#primaryimage\",\"url\":\"https:\/\/cochesaescalamiguel.es\/wp-content\/uploads\/2025\/02\/469420265_599600232638670_7326996912212921349_n.jpg\",\"contentUrl\":\"https:\/\/cochesaescalamiguel.es\/wp-content\/uploads\/2025\/02\/469420265_599600232638670_7326996912212921349_n.jpg\",\"width\":2048,\"height\":1152},{\"@type\":\"BreadcrumbList\",\"@id\":\"https:\/\/cochesaescalamiguel.es\/index.php\/contacto\/#breadcrumb\",\"itemListElement\":[{\"@type\":\"ListItem\",\"position\":1,\"name\":\"Portada\",\"item\":\"https:\/\/cochesaescalamiguel.es\/\"},{\"@type\":\"ListItem\",\"position\":2,\"name\":\"Contacto\"}]},{\"@type\":\"WebSite\",\"@id\":\"https:\/\/cochesaescalamiguel.es\/#website\",\"url\":\"https:\/\/cochesaescalamiguel.es\/\",\"name\":\"Coches a Escala Miguel\",\"description\":\"Los coches de tus sue\u00f1os, en el tama\u00f1o perfecto\",\"publisher\":{\"@id\":\"https:\/\/cochesaescalamiguel.es\/#organization\"},\"alternateName\":\"Coches a Escala Miguel\",\"potentialAction\":[{\"@type\":\"SearchAction\",\"target\":{\"@type\":\"EntryPoint\",\"urlTemplate\":\"https:\/\/cochesaescalamiguel.es\/?s={search_term_string}\"},\"query-input\":\"required name=search_term_string\"}],\"inLanguage\":\"es\"},{\"@type\":\"Organization\",\"@id\":\"https:\/\/cochesaescalamiguel.es\/#organization\",\"name\":\"Miguel Charco Jimenez\",\"url\":\"https:\/\/cochesaescalamiguel.es\/\",\"logo\":{\"@type\":\"ImageObject\",\"inLanguage\":\"es\",\"@id\":\"https:\/\/cochesaescalamiguel.es\/#\/schema\/logo\/image\/\",\"url\":\"https:\/\/cochesaescalamiguel.es\/wp-content\/uploads\/2025\/02\/image-removebg-preview-24.png\",\"contentUrl\":\"https:\/\/cochesaescalamiguel.es\/wp-content\/uploads\/2025\/02\/image-removebg-preview-24.png\",\"width\":542,\"height\":129,\"caption\":\"Miguel Charco Jimenez\"},\"image\":{\"@id\":\"https:\/\/cochesaescalamiguel.es\/#\/schema\/logo\/image\/\"},\"sameAs\":[\"https:\/\/www.facebook.com\/cooperativadelcamposantaquiteria\"]}]}<\/script>\n<!-- \/ Yoast SEO plugin. -->","yoast_head_json":{"title":"Contacto - Coches a Escala Miguel","robots":{"index":"index","follow":"follow","max-snippet":"max-snippet:-1","max-image-preview":"max-image-preview:large","max-video-preview":"max-video-preview:-1"},"canonical":"https:\/\/cochesaescalamiguel.es\/index.php\/contacto\/","og_locale":"es_ES","og_type":"article","og_title":"Contacto - Coches a Escala Miguel","og_url":"https:\/\/cochesaescalamiguel.es\/index.php\/contacto\/","og_site_name":"Coches a Escala Miguel","article_publisher":"https:\/\/www.facebook.com\/cooperativadelcamposantaquiteria","article_modified_time":"2025-02-02T15:39:12+00:00","og_image":[{"url":"https:\/\/cochesaescalamiguel.es\/wp-content\/uploads\/2025\/02\/469420265_599600232638670_7326996912212921349_n-1024x576.jpg"}],"twitter_card":"summary_large_image","twitter_misc":{"Tiempo de lectura":"1 minuto"},"schema":{"@context":"https:\/\/schema.org","@graph":[{"@type":"WebPage","@id":"https:\/\/cochesaescalamiguel.es\/index.php\/contacto\/","url":"https:\/\/cochesaescalamiguel.es\/index.php\/contacto\/","name":"Contacto - Coches a Escala Miguel","isPartOf":{"@id":"https:\/\/cochesaescalamiguel.es\/#website"},"primaryImageOfPage":{"@id":"https:\/\/cochesaescalamiguel.es\/index.php\/contacto\/#primaryimage"},"image":{"@id":"https:\/\/cochesaescalamiguel.es\/index.php\/contacto\/#primaryimage"},"thumbnailUrl":"https:\/\/cochesaescalamiguel.es\/wp-content\/uploads\/2025\/02\/469420265_599600232638670_7326996912212921349_n-1024x576.jpg","datePublished":"2023-07-06T16:16:31+00:00","dateModified":"2025-02-02T15:39:12+00:00","breadcrumb":{"@id":"https:\/\/cochesaescalamiguel.es\/index.php\/contacto\/#breadcrumb"},"inLanguage":"es","potentialAction":[{"@type":"ReadAction","target":["https:\/\/cochesaescalamiguel.es\/index.php\/contacto\/"]}]},{"@type":"ImageObject","inLanguage":"es","@id":"https:\/\/cochesaescalamiguel.es\/index.php\/contacto\/#primaryimage","url":"https:\/\/cochesaescalamiguel.es\/wp-content\/uploads\/2025\/02\/469420265_599600232638670_7326996912212921349_n.jpg","contentUrl":"https:\/\/cochesaescalamiguel.es\/wp-content\/uploads\/2025\/02\/469420265_599600232638670_7326996912212921349_n.jpg","width":2048,"height":1152},{"@type":"BreadcrumbList","@id":"https:\/\/cochesaescalamiguel.es\/index.php\/contacto\/#breadcrumb","itemListElement":[{"@type":"ListItem","position":1,"name":"Portada","item":"https:\/\/cochesaescalamiguel.es\/"},{"@type":"ListItem","position":2,"name":"Contacto"}]},{"@type":"WebSite","@id":"https:\/\/cochesaescalamiguel.es\/#website","url":"https:\/\/cochesaescalamiguel.es\/","name":"Coches a Escala Miguel","description":"Los coches de tus sue\u00f1os, en el tama\u00f1o perfecto","publisher":{"@id":"https:\/\/cochesaescalamiguel.es\/#organization"},"alternateName":"Coches a Escala Miguel","potentialAction":[{"@type":"SearchAction","target":{"@type":"EntryPoint","urlTemplate":"https:\/\/cochesaescalamiguel.es\/?s={search_term_string}"},"query-input":"required name=search_term_string"}],"inLanguage":"es"},{"@type":"Organization","@id":"https:\/\/cochesaescalamiguel.es\/#organization","name":"Miguel Charco Jimenez","url":"https:\/\/cochesaescalamiguel.es\/","logo":{"@type":"ImageObject","inLanguage":"es","@id":"https:\/\/cochesaescalamiguel.es\/#\/schema\/logo\/image\/","url":"https:\/\/cochesaescalamiguel.es\/wp-content\/uploads\/2025\/02\/image-removebg-preview-24.png","contentUrl":"https:\/\/cochesaescalamiguel.es\/wp-content\/uploads\/2025\/02\/image-removebg-preview-24.png","width":542,"height":129,"caption":"Miguel Charco Jimenez"},"image":{"@id":"https:\/\/cochesaescalamiguel.es\/#\/schema\/logo\/image\/"},"sameAs":["https:\/\/www.facebook.com\/cooperativadelcamposantaquiteria"]}]}},"_links":{"self":[{"href":"https:\/\/cochesaescalamiguel.es\/index.php\/wp-json\/wp\/v2\/pages\/22","targetHints":{"allow":["GET"]}}],"collection":[{"href":"https:\/\/cochesaescalamiguel.es\/index.php\/wp-json\/wp\/v2\/pages"}],"about":[{"href":"https:\/\/cochesaescalamiguel.es\/index.php\/wp-json\/wp\/v2\/types\/page"}],"author":[{"embeddable":true,"href":"https:\/\/cochesaescalamiguel.es\/index.php\/wp-json\/wp\/v2\/users\/1"}],"replies":[{"embeddable":true,"href":"https:\/\/cochesaescalamiguel.es\/index.php\/wp-json\/wp\/v2\/comments?post=22"}],"version-history":[{"count":21,"href":"https:\/\/cochesaescalamiguel.es\/index.php\/wp-json\/wp\/v2\/pages\/22\/revisions"}],"predecessor-version":[{"id":302,"href":"https:\/\/cochesaescalamiguel.es\/index.php\/wp-json\/wp\/v2\/pages\/22\/revisions\/302"}],"wp:attachment":[{"href":"https:\/\/cochesaescalamiguel.es\/index.php\/wp-json\/wp\/v2\/media?parent=22"}],"curies":[{"name":"wp","href":"https:\/\/api.w.org\/{rel}","templated":true}]}}